{"id":3,"date":"2024-11-22T12:15:34","date_gmt":"2024-11-22T12:15:34","guid":{"rendered":"https:\/\/www.kufa.ch\/?page_id=3"},"modified":"2025-09-03T14:47:51","modified_gmt":"2025-09-03T12:47:51","slug":"privacy-policy","status":"publish","type":"page","link":"https:\/\/www.kufa.ch\/fr\/privacy-policy\/","title":{"rendered":"Mentions l\u00e9gales et politique de confidentialit\u00e9"},"content":{"rendered":"<div data-elementor-type=\"wp-page\" data-elementor-id=\"3\" class=\"elementor elementor-3\" data-elementor-post-type=\"page\">\n\t\t\t\t<div class=\"elementor-element elementor-element-806e9aa e-flex e-con-boxed e-con e-parent\" data-id=\"806e9aa\" data-element_type=\"container\" data-e-type=\"container\">\n\t\t\t\t\t<div class=\"e-con-inner\">\n\t\t\t\t<div class=\"elementor-element elementor-element-c532a01 elementor-widget elementor-widget-heading\" data-id=\"c532a01\" data-element_type=\"widget\" data-e-type=\"widget\" data-widget_type=\"heading.default\">\n\t\t\t\t<div class=\"elementor-widget-container\">\n\t\t\t\t\t<h2 class=\"elementor-heading-title elementor-size-default\">Impressum<\/h2>\t\t\t\t<\/div>\n\t\t\t\t<\/div>\n\t\t\t\t<div class=\"elementor-element elementor-element-fd32962 elementor-widget elementor-widget-text-editor\" data-id=\"fd32962\" data-element_type=\"widget\" data-e-type=\"widget\" data-widget_type=\"text-editor.default\">\n\t\t\t\t<div class=\"elementor-widget-container\">\n\t\t\t\t\t\t\t\t\t<p><strong>Responsable de ce site web :<\/strong><\/p><p>Kulturfabrik KUFA Lyss<br \/>Werdtstrasse 17, 3250 Lyss, Schweiz<br \/>T\u00e9l\u00e9phone : +41 32 384 79 40<br \/>E-Mail: <a href=\"mailto:info@kufa.ch\">info@kufa.ch<\/a><\/p><p><strong>Personne habilit\u00e9e \u00e0 repr\u00e9senter :<\/strong><br \/>Claude H\u00fcbscher<\/p><p><strong>Forme juridique :<\/strong><br \/>Association selon le droit suisse, inscrite au registre du commerce.<\/p><p><strong>Inscription au registre du commerce :<\/strong><br \/>UID: CHE-115.769.771<br \/>CH-ID: CH-036-6059284-8<\/p><p><strong>Num\u00e9ro de TVA :<\/strong><br \/>CHE-115.769.771<\/p>\t\t\t\t\t\t\t\t<\/div>\n\t\t\t\t<\/div>\n\t\t\t\t<div class=\"elementor-element elementor-element-05d6cef elementor-widget elementor-widget-heading\" data-id=\"05d6cef\" data-element_type=\"widget\" data-e-type=\"widget\" data-widget_type=\"heading.default\">\n\t\t\t\t<div class=\"elementor-widget-container\">\n\t\t\t\t\t<h4 class=\"elementor-heading-title elementor-size-default\">Clause de non-responsabilit\u00e9<\/h4>\t\t\t\t<\/div>\n\t\t\t\t<\/div>\n\t\t\t\t<div class=\"elementor-element elementor-element-0caf1dc elementor-widget elementor-widget-text-editor\" data-id=\"0caf1dc\" data-element_type=\"widget\" data-e-type=\"widget\" data-widget_type=\"text-editor.default\">\n\t\t\t\t<div class=\"elementor-widget-container\">\n\t\t\t\t\t\t\t\t\t<ol>\n<li>Nous d\u00e9clinons toute responsabilit\u00e9 quant au contenu des liens externes. Seuls les exploitants des sites li\u00e9s sont responsables de leur contenu.<\/li>\n<li>Malgr\u00e9 un contr\u00f4le minutieux, nous ne garantissons ni l'exactitude, ni l'exhaustivit\u00e9, ni l'actualit\u00e9 du contenu de ce site web.<\/li>\n<\/ol>\t\t\t\t\t\t\t\t<\/div>\n\t\t\t\t<\/div>\n\t\t\t\t<div class=\"elementor-element elementor-element-088060d elementor-widget elementor-widget-heading\" data-id=\"088060d\" data-element_type=\"widget\" data-e-type=\"widget\" data-widget_type=\"heading.default\">\n\t\t\t\t<div class=\"elementor-widget-container\">\n\t\t\t\t\t<h4 class=\"elementor-heading-title elementor-size-default\">Droits d'auteur<\/h4>\t\t\t\t<\/div>\n\t\t\t\t<\/div>\n\t\t\t\t<div class=\"elementor-element elementor-element-1efd9b3 elementor-widget elementor-widget-text-editor\" data-id=\"1efd9b3\" data-element_type=\"widget\" data-e-type=\"widget\" data-widget_type=\"text-editor.default\">\n\t\t\t\t<div class=\"elementor-widget-container\">\n\t\t\t\t\t\t\t\t\t<p>Les contenus de ce site web (textes, images, graphiques) sont prot\u00e9g\u00e9s par le droit d'auteur. Toute utilisation requiert l'autorisation expresse de la Kulturfabrik KUFA Lyss.<\/p>\t\t\t\t\t\t\t\t<\/div>\n\t\t\t\t<\/div>\n\t\t\t\t\t<\/div>\n\t\t\t\t<\/div>\n\t\t<div class=\"elementor-element elementor-element-a4eac94 e-flex e-con-boxed e-con e-parent\" data-id=\"a4eac94\" data-element_type=\"container\" data-e-type=\"container\">\n\t\t\t\t\t<div class=\"e-con-inner\">\n\t\t\t\t<div class=\"elementor-element elementor-element-2ff9e2f elementor-widget elementor-widget-heading\" data-id=\"2ff9e2f\" data-element_type=\"widget\" data-e-type=\"widget\" data-widget_type=\"heading.default\">\n\t\t\t\t<div class=\"elementor-widget-container\">\n\t\t\t\t\t<h2 class=\"elementor-heading-title elementor-size-default\">politique de confidentialit\u00e9<\/h2>\t\t\t\t<\/div>\n\t\t\t\t<\/div>\n\t\t\t\t<div class=\"elementor-element elementor-element-df567db elementor-widget elementor-widget-heading\" data-id=\"df567db\" data-element_type=\"widget\" data-e-type=\"widget\" data-widget_type=\"heading.default\">\n\t\t\t\t<div class=\"elementor-widget-container\">\n\t\t\t\t\t<h4 class=\"elementor-heading-title elementor-size-default\">1. Informations g\u00e9n\u00e9rales<\/h4>\t\t\t\t<\/div>\n\t\t\t\t<\/div>\n\t\t\t\t<div class=\"elementor-element elementor-element-7a419c0 elementor-widget elementor-widget-text-editor\" data-id=\"7a419c0\" data-element_type=\"widget\" data-e-type=\"widget\" data-widget_type=\"text-editor.default\">\n\t\t\t\t<div class=\"elementor-widget-container\">\n\t\t\t\t\t\t\t\t\t<p>Nous, la Kulturfabrik KUFA Lyss, accordons une grande importance \u00e0 la protection de vos donn\u00e9es personnelles. La pr\u00e9sente d\u00e9claration de protection des donn\u00e9es vous informe sur la collecte, le traitement et l'utilisation de vos donn\u00e9es dans le cadre des lois en vigueur sur la protection des donn\u00e9es, en particulier la loi suisse sur la protection des donn\u00e9es (LPD) et le R\u00e8glement g\u00e9n\u00e9ral sur la protection des donn\u00e9es de l'UE (RGPD).<\/p>\n<p><strong>Responsable du traitement des donn\u00e9es :<\/strong><br \/>Kulturfabrik KUFA Lyss<br \/>Werdtstrasse 17, 3250 Lyss, Schweiz<br \/>E-Mail: <a href=\"mailto:info@kufa.ch\">info@kufa.ch<\/a><\/p>\t\t\t\t\t\t\t\t<\/div>\n\t\t\t\t<\/div>\n\t\t\t\t<div class=\"elementor-element elementor-element-e9c1ab5 elementor-widget elementor-widget-heading\" data-id=\"e9c1ab5\" data-element_type=\"widget\" data-e-type=\"widget\" data-widget_type=\"heading.default\">\n\t\t\t\t<div class=\"elementor-widget-container\">\n\t\t\t\t\t<h4 class=\"elementor-heading-title elementor-size-default\">2. Donn\u00e9es collect\u00e9es<\/h4>\t\t\t\t<\/div>\n\t\t\t\t<\/div>\n\t\t\t\t<div class=\"elementor-element elementor-element-dc9ccf0 elementor-widget elementor-widget-text-editor\" data-id=\"dc9ccf0\" data-element_type=\"widget\" data-e-type=\"widget\" data-widget_type=\"text-editor.default\">\n\t\t\t\t<div class=\"elementor-widget-container\">\n\t\t\t\t\t\t\t\t\t<p>Nous collectons et traitons les donn\u00e9es personnelles suivantes :<\/p>\n<ul>\n<li>Nom, adresse e-mail, num\u00e9ro de t\u00e9l\u00e9phone, adresse postale : par exemple, pour les formulaires de contact, l'inscription \u00e0 la newsletter, ou l'ex\u00e9cution de contrats.<\/li>\n<li>Donn\u00e9es de paiement : pour le traitement des commandes dans notre shop (via Stripe).<\/li>\n<li>Adresse IP : anonymis\u00e9e \u00e0 des fins d'analyse.<\/li>\n<\/ul>\n<p>Nous ne collectons aucune donn\u00e9e personnelle sensible au sens des lois sur la protection des donn\u00e9es.<\/p>\t\t\t\t\t\t\t\t<\/div>\n\t\t\t\t<\/div>\n\t\t\t\t<div class=\"elementor-element elementor-element-dcc1e81 elementor-widget elementor-widget-heading\" data-id=\"dcc1e81\" data-element_type=\"widget\" data-e-type=\"widget\" data-widget_type=\"heading.default\">\n\t\t\t\t<div class=\"elementor-widget-container\">\n\t\t\t\t\t<h4 class=\"elementor-heading-title elementor-size-default\">3. Finalit\u00e9s du traitement et base l\u00e9gale<\/h4>\t\t\t\t<\/div>\n\t\t\t\t<\/div>\n\t\t\t\t<div class=\"elementor-element elementor-element-07f9754 elementor-widget elementor-widget-text-editor\" data-id=\"07f9754\" data-element_type=\"widget\" data-e-type=\"widget\" data-widget_type=\"text-editor.default\">\n\t\t\t\t<div class=\"elementor-widget-container\">\n\t\t\t\t\t\t\t\t\t<p>Vos donn\u00e9es sont trait\u00e9es aux fins suivantes et sur la base des fondements juridiques suivants :<\/p>\n<ul>\n<li><strong>Newsletter:<\/strong> Traitement bas\u00e9 sur votre consentement (art. 6, al. 1, let. a du RGPD).<\/li>\n<li><strong>Shop et ex\u00e9cution des contrats :<\/strong> Traitement n\u00e9cessaire \u00e0 l'ex\u00e9cution d'un contrat (art. 6, al. 1, let. b du RGPD).<\/li>\n<li><strong>Formulaires de contact :<\/strong> Traitement bas\u00e9 sur votre consentement ou sur notre int\u00e9r\u00eat l\u00e9gitime \u00e0 traiter votre demande (art. 6, al. 1, let. f du RGPD).<\/li>\n<li><strong>Analyse et suivi :<\/strong> Traitement de donn\u00e9es anonymis\u00e9es bas\u00e9 sur votre consentement (art. 6, al. 1, let. a du RGPD).<\/li>\n<\/ul>\t\t\t\t\t\t\t\t<\/div>\n\t\t\t\t<\/div>\n\t\t\t\t<div class=\"elementor-element elementor-element-9c0e581 elementor-widget elementor-widget-heading\" data-id=\"9c0e581\" data-element_type=\"widget\" data-e-type=\"widget\" data-widget_type=\"heading.default\">\n\t\t\t\t<div class=\"elementor-widget-container\">\n\t\t\t\t\t<h4 class=\"elementor-heading-title elementor-size-default\">4. Cookies et outils de suivi<\/h4>\t\t\t\t<\/div>\n\t\t\t\t<\/div>\n\t\t\t\t<div class=\"elementor-element elementor-element-d33d14c elementor-widget elementor-widget-text-editor\" data-id=\"d33d14c\" data-element_type=\"widget\" data-e-type=\"widget\" data-widget_type=\"text-editor.default\">\n\t\t\t\t<div class=\"elementor-widget-container\">\n\t\t\t\t\t\t\t\t\t<p>Nous utilisons des cookies et des technologies similaires afin de rendre notre site web convivial et efficace.<\/p>\n<p><strong>Outils utilis\u00e9s :<\/strong><\/p>\n<ul>\n<li><strong>Google Analytics<\/strong> (avec anonymisation de l'adresse IP) : pour analyser le comportement des utilisateurs.<\/li>\n<li><strong>Facebook Pixel:<\/strong> pour de la publicit\u00e9 cibl\u00e9e.<\/li>\n<\/ul>\n<p><strong>Consentement aux cookies :<\/strong> Lors de votre premi\u00e8re visite sur notre site web, vous avez la possibilit\u00e9 d'accepter ou de refuser les cookies. Vous pouvez modifier vos pr\u00e9f\u00e9rences \u00e0 tout moment via notre bandeau de gestion des cookies.<\/p>\t\t\t\t\t\t\t\t<\/div>\n\t\t\t\t<\/div>\n\t\t\t\t<div class=\"elementor-element elementor-element-18a1769 elementor-widget elementor-widget-heading\" data-id=\"18a1769\" data-element_type=\"widget\" data-e-type=\"widget\" data-widget_type=\"heading.default\">\n\t\t\t\t<div class=\"elementor-widget-container\">\n\t\t\t\t\t<h4 class=\"elementor-heading-title elementor-size-default\">5. Transmission des donn\u00e9es \u00e0 des tiers\n<\/h4>\t\t\t\t<\/div>\n\t\t\t\t<\/div>\n\t\t\t\t<div class=\"elementor-element elementor-element-1ccde73 elementor-widget elementor-widget-text-editor\" data-id=\"1ccde73\" data-element_type=\"widget\" data-e-type=\"widget\" data-widget_type=\"text-editor.default\">\n\t\t\t\t<div class=\"elementor-widget-container\">\n\t\t\t\t\t\t\t\t\t<p>Vos donn\u00e9es personnelles ne sont pas transmises \u00e0 des tiers, sauf si cela est n\u00e9cessaire \u00e0 l'ex\u00e9cution du contrat (par exemple, traitement des paiements via Stripe).<\/p>\n<p><strong>Transfert vers des pays tiers :<\/strong> Les donn\u00e9es peuvent \u00eatre transf\u00e9r\u00e9es vers des pays en dehors de la Suisse et de l\u2019UE (par exemple, les \u00c9tats-Unis) dans le cadre de l\u2019utilisation de Google Analytics et de Facebook Pixel.<\/p>\n<p><strong>Remarque :<\/strong> Nous nous appuyons sur les clauses contractuelles types (SCC) pour le transfert de donn\u00e9es personnelles vers ces pays, afin de garantir un niveau de protection des donn\u00e9es ad\u00e9quat.<\/p>\t\t\t\t\t\t\t\t<\/div>\n\t\t\t\t<\/div>\n\t\t\t\t<div class=\"elementor-element elementor-element-dc73dd1 elementor-widget elementor-widget-heading\" data-id=\"dc73dd1\" data-element_type=\"widget\" data-e-type=\"widget\" data-widget_type=\"heading.default\">\n\t\t\t\t<div class=\"elementor-widget-container\">\n\t\t\t\t\t<h4 class=\"elementor-heading-title elementor-size-default\">6. Dur\u00e9e de conservation des donn\u00e9es<\/h4>\t\t\t\t<\/div>\n\t\t\t\t<\/div>\n\t\t\t\t<div class=\"elementor-element elementor-element-6623ef0 elementor-widget elementor-widget-text-editor\" data-id=\"6623ef0\" data-element_type=\"widget\" data-e-type=\"widget\" data-widget_type=\"text-editor.default\">\n\t\t\t\t<div class=\"elementor-widget-container\">\n\t\t\t\t\t\t\t\t\t<ul>\n<li><strong>Donn\u00e9es de la newsletter :<\/strong> Jusqu'\u00e0 ce que vous vous d\u00e9sabonniez de la newsletter.<\/li>\n<li><strong>Donn\u00e9es de la boutique et des contrats :<\/strong> Jusqu'\u00e0 5 ans apr\u00e8s la conclusion du contrat, conform\u00e9ment aux obligations l\u00e9gales de conservation.<\/li>\n<li><strong>Formulaires de contact :<\/strong> Jusqu'\u00e0 ce que votre demande soit trait\u00e9e.<\/li>\n<\/ul>\t\t\t\t\t\t\t\t<\/div>\n\t\t\t\t<\/div>\n\t\t\t\t<div class=\"elementor-element elementor-element-d8a4784 elementor-widget elementor-widget-heading\" data-id=\"d8a4784\" data-element_type=\"widget\" data-e-type=\"widget\" data-widget_type=\"heading.default\">\n\t\t\t\t<div class=\"elementor-widget-container\">\n\t\t\t\t\t<h4 class=\"elementor-heading-title elementor-size-default\">7. Droits des utilisateurs\/trices<\/h4>\t\t\t\t<\/div>\n\t\t\t\t<\/div>\n\t\t\t\t<div class=\"elementor-element elementor-element-8cfbb8e elementor-widget elementor-widget-text-editor\" data-id=\"8cfbb8e\" data-element_type=\"widget\" data-e-type=\"widget\" data-widget_type=\"text-editor.default\">\n\t\t\t\t<div class=\"elementor-widget-container\">\n\t\t\t\t\t\t\t\t\t<p>Vous avez les droits suivants :<\/p><ul><li>Droit d'acc\u00e8s \u00e0 vos donn\u00e9es stock\u00e9es,<\/li><li>Droit de rectification des donn\u00e9es incorrectes,<\/li><li>Droit \u00e0 l'effacement de vos donn\u00e9es,<\/li><li>Droit \u00e0 la limitation du traitement,<\/li><li>Droit \u00e0 la portabilit\u00e9 de vos donn\u00e9es dans un format \u00e9lectronique courant,<\/li><li>Droit de retrait des consentements donn\u00e9s.<\/li><\/ul><p>Pour exercer ces droits, veuillez vous adresser \u00e0 :<br \/><strong>Claude H\u00fcbscher<\/strong><br \/>E-Mail: <a href=\"mailto:info@kufa.ch\">info@kufa.ch<\/a><br \/>Adresse : Werdtstrasse 17, 3250 Lyss, Suisse<\/p>\t\t\t\t\t\t\t\t<\/div>\n\t\t\t\t<\/div>\n\t\t\t\t<div class=\"elementor-element elementor-element-575c32a elementor-widget elementor-widget-heading\" data-id=\"575c32a\" data-element_type=\"widget\" data-e-type=\"widget\" data-widget_type=\"heading.default\">\n\t\t\t\t<div class=\"elementor-widget-container\">\n\t\t\t\t\t<h4 class=\"elementor-heading-title elementor-size-default\">8. Newsletter<\/h4>\t\t\t\t<\/div>\n\t\t\t\t<\/div>\n\t\t\t\t<div class=\"elementor-element elementor-element-94c6ed0 elementor-widget elementor-widget-text-editor\" data-id=\"94c6ed0\" data-element_type=\"widget\" data-e-type=\"widget\" data-widget_type=\"text-editor.default\">\n\t\t\t\t<div class=\"elementor-widget-container\">\n\t\t\t\t\t\t\t\t\t<p>Notre newsletter est envoy\u00e9e via <strong>Mailchimp.<\/strong> Votre adresse e-mail est utilis\u00e9e uniquement pour l'envoi de la newsletter.<br \/>Chaque newsletter contient un lien de d\u00e9sabonnement, vous permettant de retirer votre consentement.<\/p>\t\t\t\t\t\t\t\t<\/div>\n\t\t\t\t<\/div>\n\t\t\t\t<div class=\"elementor-element elementor-element-a919dd7 elementor-widget elementor-widget-heading\" data-id=\"a919dd7\" data-element_type=\"widget\" data-e-type=\"widget\" data-widget_type=\"heading.default\">\n\t\t\t\t<div class=\"elementor-widget-container\">\n\t\t\t\t\t<h4 class=\"elementor-heading-title elementor-size-default\">9. Modification de la d\u00e9claration de protection des donn\u00e9es<\/h4>\t\t\t\t<\/div>\n\t\t\t\t<\/div>\n\t\t\t\t<div class=\"elementor-element elementor-element-3c49423 elementor-widget elementor-widget-text-editor\" data-id=\"3c49423\" data-element_type=\"widget\" data-e-type=\"widget\" data-widget_type=\"text-editor.default\">\n\t\t\t\t<div class=\"elementor-widget-container\">\n\t\t\t\t\t\t\t\t\t<p>Nous nous r\u00e9servons le droit de modifier cette d\u00e9claration de protection des donn\u00e9es si n\u00e9cessaire, afin de r\u00e9pondre aux exigences l\u00e9gales ou de mettre en \u0153uvre des changements dans nos services.<\/p>\t\t\t\t\t\t\t\t<\/div>\n\t\t\t\t<\/div>\n\t\t\t\t<div class=\"elementor-element elementor-element-a366457 elementor-widget elementor-widget-heading\" data-id=\"a366457\" data-element_type=\"widget\" data-e-type=\"widget\" data-widget_type=\"heading.default\">\n\t\t\t\t<div class=\"elementor-widget-container\">\n\t\t\t\t\t<h4 class=\"elementor-heading-title elementor-size-default\">10. Remarque concernant le droit suisse et europ\u00e9en de la protection des donn\u00e9es<\/h4>\t\t\t\t<\/div>\n\t\t\t\t<\/div>\n\t\t\t\t<div class=\"elementor-element elementor-element-cb38af6 elementor-widget elementor-widget-text-editor\" data-id=\"cb38af6\" data-element_type=\"widget\" data-e-type=\"widget\" data-widget_type=\"text-editor.default\">\n\t\t\t\t<div class=\"elementor-widget-container\">\n\t\t\t\t\t\t\t\t\t<p>Cette d\u00e9claration de protection des donn\u00e9es a \u00e9t\u00e9 r\u00e9dig\u00e9e conform\u00e9ment aux exigences de la loi suisse sur la protection des donn\u00e9es (LPD) ainsi que du R\u00e8glement g\u00e9n\u00e9ral sur la protection des donn\u00e9es (RGPD) de l'UE. Elle s'applique \u00e0 tous les utilisateurs, quel que soit leur emplacement.<\/p>\t\t\t\t\t\t\t\t<\/div>\n\t\t\t\t<\/div>\n\t\t\t\t\t<\/div>\n\t\t\t\t<\/div>\n\t\t\t\t<\/div>","protected":false},"excerpt":{"rendered":"<p>Impressum Verantwortlich f\u00fcr diese Website ist: Kulturfabrik KUFA LyssWerdtstrasse 17, 3250 Lyss, SchweizTelefon: +41 32 384 79 40E-Mail: info@kufa.ch Vertretungsberechtigte Person:Claude H\u00fcbscher Rechtsform:Verein nach Schweizer Recht, eingetragen im Handelsregister. Handelsregistereintrag:UID: CHE-115.769.771CH-ID: CH-036-6059284-8 Mehrwertsteuernummer (MwSt):CHE-115.769.771 Haftungsausschluss F\u00fcr den Inhalt externer Links \u00fcbernehmen wir keine Haftung. F\u00fcr den Inhalt der verlinkten Seiten sind ausschliesslich deren Betreiber verantwortlich. [&hellip;]<\/p>\n","protected":false},"author":1,"featured_media":0,"parent":0,"menu_order":7,"comment_status":"closed","ping_status":"closed","template":"","meta":{"footnotes":""},"class_list":["post-3","page","type-page","status-publish","hentry"],"_links":{"self":[{"href":"https:\/\/www.kufa.ch\/fr\/wp-json\/wp\/v2\/pages\/3","targetHints":{"allow":["GET"]}}],"collection":[{"href":"https:\/\/www.kufa.ch\/fr\/wp-json\/wp\/v2\/pages"}],"about":[{"href":"https:\/\/www.kufa.ch\/fr\/wp-json\/wp\/v2\/types\/page"}],"author":[{"embeddable":true,"href":"https:\/\/www.kufa.ch\/fr\/wp-json\/wp\/v2\/users\/1"}],"replies":[{"embeddable":true,"href":"https:\/\/www.kufa.ch\/fr\/wp-json\/wp\/v2\/comments?post=3"}],"version-history":[{"count":14,"href":"https:\/\/www.kufa.ch\/fr\/wp-json\/wp\/v2\/pages\/3\/revisions"}],"predecessor-version":[{"id":2963,"href":"https:\/\/www.kufa.ch\/fr\/wp-json\/wp\/v2\/pages\/3\/revisions\/2963"}],"wp:attachment":[{"href":"https:\/\/www.kufa.ch\/fr\/wp-json\/wp\/v2\/media?parent=3"}],"curies":[{"name":"wp","href":"https:\/\/api.w.org\/{rel}","templated":true}]}}