{"id":329,"date":"2024-11-22T15:23:58","date_gmt":"2024-11-22T15:23:58","guid":{"rendered":"https:\/\/www.kufa.ch\/?page_id=329"},"modified":"2025-12-18T12:07:36","modified_gmt":"2025-12-18T11:07:36","slug":"foerderband","status":"publish","type":"page","link":"https:\/\/www.kufa.ch\/fr\/foerderband\/","title":{"rendered":"Member &amp; Sponsoring"},"content":{"rendered":"\t\t<div data-elementor-type=\"wp-page\" data-elementor-id=\"329\" class=\"elementor elementor-329\" data-elementor-post-type=\"page\">\n\t\t\t\t<div class=\"elementor-element elementor-element-4d9c0f4 subnavi e-flex e-con-boxed e-con e-parent\" data-id=\"4d9c0f4\" data-element_type=\"container\" data-e-type=\"container\">\n\t\t\t\t\t<div class=\"e-con-inner\">\n\t\t\t\t<div class=\"elementor-element elementor-element-a960d7c elementor-widget elementor-widget-heading\" data-id=\"a960d7c\" data-element_type=\"widget\" data-e-type=\"widget\" data-widget_type=\"heading.default\">\n\t\t\t\t<div class=\"elementor-widget-container\">\n\t\t\t\t\t<h1 class=\"elementor-heading-title elementor-size-default\">F\u00f6rderband<\/h1>\t\t\t\t<\/div>\n\t\t\t\t<\/div>\n\t\t\t\t<div class=\"elementor-element elementor-element-982dc3f elementor-widget__width-auto box-title elementor-hidden-mobile elementor-widget elementor-widget-heading\" data-id=\"982dc3f\" data-element_type=\"widget\" data-e-type=\"widget\" data-widget_type=\"heading.default\">\n\t\t\t\t<div class=\"elementor-widget-container\">\n\t\t\t\t\t<p class=\"elementor-heading-title elementor-size-default\">DIe KUFA unterst\u00fctzen<\/p>\t\t\t\t<\/div>\n\t\t\t\t<\/div>\n\t\t\t\t<div class=\"elementor-element elementor-element-8d23ad8 e-n-menu-none elementor-widget__width-inherit e-full_width e-n-menu-layout-horizontal elementor-widget elementor-widget-n-menu\" data-id=\"8d23ad8\" data-element_type=\"widget\" data-e-type=\"widget\" data-settings=\"{&quot;menu_items&quot;:[{&quot;item_title&quot;:&quot;Member werden&quot;,&quot;_id&quot;:&quot;c666d9e&quot;,&quot;item_link&quot;:{&quot;url&quot;:&quot;#member&quot;,&quot;is_external&quot;:&quot;&quot;,&quot;nofollow&quot;:&quot;&quot;,&quot;custom_attributes&quot;:&quot;&quot;},&quot;item_dropdown_content&quot;:&quot;no&quot;,&quot;item_icon&quot;:{&quot;value&quot;:&quot;&quot;,&quot;library&quot;:&quot;&quot;},&quot;item_icon_active&quot;:null,&quot;element_id&quot;:&quot;&quot;},{&quot;item_title&quot;:&quot;Sponsor:in werden&quot;,&quot;_id&quot;:&quot;d69ec9b&quot;,&quot;item_link&quot;:{&quot;url&quot;:&quot;#sponsor&quot;,&quot;is_external&quot;:&quot;&quot;,&quot;nofollow&quot;:&quot;&quot;,&quot;custom_attributes&quot;:&quot;&quot;},&quot;item_dropdown_content&quot;:&quot;no&quot;,&quot;item_icon&quot;:{&quot;value&quot;:&quot;&quot;,&quot;library&quot;:&quot;&quot;},&quot;item_icon_active&quot;:null,&quot;element_id&quot;:&quot;&quot;}],&quot;item_position_horizontal&quot;:&quot;start&quot;,&quot;breakpoint_selector&quot;:&quot;none&quot;,&quot;horizontal_scroll_mobile&quot;:&quot;disable&quot;,&quot;content_width&quot;:&quot;full_width&quot;,&quot;item_layout&quot;:&quot;horizontal&quot;,&quot;open_on&quot;:&quot;hover&quot;,&quot;horizontal_scroll&quot;:&quot;disable&quot;,&quot;menu_item_title_distance_from_content&quot;:{&quot;unit&quot;:&quot;px&quot;,&quot;size&quot;:0,&quot;sizes&quot;:[]},&quot;menu_item_title_distance_from_content_tablet&quot;:{&quot;unit&quot;:&quot;px&quot;,&quot;size&quot;:&quot;&quot;,&quot;sizes&quot;:[]},&quot;menu_item_title_distance_from_content_mobile&quot;:{&quot;unit&quot;:&quot;px&quot;,&quot;size&quot;:&quot;&quot;,&quot;sizes&quot;:[]}}\" data-widget_type=\"mega-menu.default\">\n\t\t\t\t<div class=\"elementor-widget-container\">\n\t\t\t\t\t\t\t<nav class=\"e-n-menu\" data-widget-number=\"147\" aria-label=\"Menu\">\n\t\t\t\t\t<button class=\"e-n-menu-toggle\" id=\"menu-toggle-147\" aria-haspopup=\"true\" aria-expanded=\"false\" aria-controls=\"menubar-147\" aria-label=\"Men\u00fc Umschalter\">\n\t\t\t<span class=\"e-n-menu-toggle-icon e-open\">\n\t\t\t\t<svg class=\"e-font-icon-svg e-eicon-menu-bar\" viewBox=\"0 0 1000 1000\" xmlns=\"http:\/\/www.w3.org\/2000\/svg\"><path d=\"M104 333H896C929 333 958 304 958 271S929 208 896 208H104C71 208 42 237 42 271S71 333 104 333ZM104 583H896C929 583 958 554 958 521S929 458 896 458H104C71 458 42 487 42 521S71 583 104 583ZM104 833H896C929 833 958 804 958 771S929 708 896 708H104C71 708 42 737 42 771S71 833 104 833Z\"><\/path><\/svg>\t\t\t<\/span>\n\t\t\t<span class=\"e-n-menu-toggle-icon e-close\">\n\t\t\t\t<svg class=\"e-font-icon-svg e-eicon-close\" viewBox=\"0 0 1000 1000\" xmlns=\"http:\/\/www.w3.org\/2000\/svg\"><path d=\"M742 167L500 408 258 167C246 154 233 150 217 150 196 150 179 158 167 167 154 179 150 196 150 212 150 229 154 242 171 254L408 500 167 742C138 771 138 800 167 829 196 858 225 858 254 829L496 587 738 829C750 842 767 846 783 846 800 846 817 842 829 829 842 817 846 804 846 783 846 767 842 750 829 737L588 500 833 258C863 229 863 200 833 171 804 137 775 137 742 167Z\"><\/path><\/svg>\t\t\t<\/span>\n\t\t<\/button>\n\t\t\t\t\t<div class=\"e-n-menu-wrapper\" id=\"menubar-147\" aria-labelledby=\"menu-toggle-147\">\n\t\t\t\t<ul class=\"e-n-menu-heading\">\n\t\t\t\t\t\t\t\t<li class=\"e-n-menu-item\">\n\t\t\t\t<div id=\"e-n-menu-title-1471\" class=\"e-n-menu-title e-anchor elementor-animation-buzz\">\n\t\t\t\t\t<a class=\"e-n-menu-title-container e-focus e-link\" href=\"#member\" aria-current=\"page\">\t\t\t\t\t\t\t\t\t\t\t\t<span class=\"e-n-menu-title-text\">\n\t\t\t\t\t\t\tMember werden\t\t\t\t\t\t<\/span>\n\t\t\t\t\t<\/a>\t\t\t\t\t\t\t\t\t<\/div>\n\t\t\t\t\t\t\t<\/li>\n\t\t\t\t\t<li class=\"e-n-menu-item\">\n\t\t\t\t<div id=\"e-n-menu-title-1472\" class=\"e-n-menu-title e-anchor elementor-animation-buzz\">\n\t\t\t\t\t<a class=\"e-n-menu-title-container e-focus e-link\" href=\"#sponsor\" aria-current=\"page\">\t\t\t\t\t\t\t\t\t\t\t\t<span class=\"e-n-menu-title-text\">\n\t\t\t\t\t\t\tSponsor:in werden\t\t\t\t\t\t<\/span>\n\t\t\t\t\t<\/a>\t\t\t\t\t\t\t\t\t<\/div>\n\t\t\t\t\t\t\t<\/li>\n\t\t\t\t\t\t<\/ul>\n\t\t\t<\/div>\n\t\t<\/nav>\n\t\t\t\t\t\t<\/div>\n\t\t\t\t<\/div>\n\t\t\t\t\t<\/div>\n\t\t\t\t<\/div>\n\t\t<div class=\"elementor-element elementor-element-1687b7c e-flex e-con-boxed e-con e-parent\" data-id=\"1687b7c\" data-element_type=\"container\" data-e-type=\"container\" id=\"member\">\n\t\t\t\t\t<div class=\"e-con-inner\">\n\t\t\t\t<div class=\"elementor-element elementor-element-7c89b31 elementor-widget elementor-widget-heading\" data-id=\"7c89b31\" data-element_type=\"widget\" data-e-type=\"widget\" data-widget_type=\"heading.default\">\n\t\t\t\t<div class=\"elementor-widget-container\">\n\t\t\t\t\t<h2 class=\"elementor-heading-title elementor-size-default\">Member werden<\/h2>\t\t\t\t<\/div>\n\t\t\t\t<\/div>\n\t\t\t\t<div class=\"elementor-element elementor-element-a7dc820 elementor-widget elementor-widget-text-editor\" data-id=\"a7dc820\" data-element_type=\"widget\" data-e-type=\"widget\" data-widget_type=\"text-editor.default\">\n\t\t\t\t<div class=\"elementor-widget-container\">\n\t\t\t\t\t\t\t\t\t<p class=\"p1\">Als Besitzer:in der KUFA-Memberkarte profitierst du von zahlreichen Vorteilen: kostenlose Garderobe \u2013 nie mehr Kleingeld suchen \u2013 und ein speziell f\u00fcr dich reserviertes Ticketkontingent, damit du auch beim n\u00e4chsten ausverkauften Event ganz vorne mit dabei bist. Zus\u00e4tzlich sparst du bei jedem Event 5 Franken, sodass es in der KUFA auch noch f\u00fcr ein Getr\u00e4nk reicht.<\/p><p class=\"p1\">Als Gold-Member gibt es noch mehr: Du erh\u00e4ltst f\u00fcnfmal f\u00fcr 2 Tickets pro Saison 100 Prozent Rabatt auf einen Event deiner Wahl.\u00a0<\/p><p class=\"p1\">Falls du die Karte verschenken m\u00f6chtest, trage einfach die Personalien des neuen Mitglieds ein und f\u00fcge dann deine Rechnungsadresse hinzu. Jetzt Memberkarte sichern \u2013 die KUFA freut sich auf dich!<\/p>\t\t\t\t\t\t\t\t<\/div>\n\t\t\t\t<\/div>\n\t\t<div class=\"elementor-element elementor-element-2fb22c6 e-con-full e-flex e-con e-child\" data-id=\"2fb22c6\" data-element_type=\"container\" data-e-type=\"container\">\n\t\t\t\t<div class=\"elementor-element elementor-element-fabea72 elementor-widget elementor-widget-heading\" data-id=\"fabea72\" data-element_type=\"widget\" data-e-type=\"widget\" data-widget_type=\"heading.default\">\n\t\t\t\t<div class=\"elementor-widget-container\">\n\t\t\t\t\t<h4 class=\"elementor-heading-title elementor-size-default\">KUFA-Member<\/h4>\t\t\t\t<\/div>\n\t\t\t\t<\/div>\n\t\t\t\t<div class=\"elementor-element elementor-element-014439b elementor-widget elementor-widget-image\" data-id=\"014439b\" data-element_type=\"widget\" data-e-type=\"widget\" data-widget_type=\"image.default\">\n\t\t\t\t<div class=\"elementor-widget-container\">\n\t\t\t\t\t\t\t\t\t\t\t\t\t\t\t<img decoding=\"async\" width=\"1\" height=\"1\" src=\"https:\/\/www.kufa.ch\/wp-content\/uploads\/2025\/11\/Memberkarte16-2.png\" class=\"attachment-medium size-medium wp-image-3168\" alt=\"\" \/>\t\t\t\t\t\t\t\t\t\t\t\t\t\t\t<\/div>\n\t\t\t\t<\/div>\n\t\t\t\t<div class=\"elementor-element elementor-element-71db49c elementor-widget elementor-widget-text-editor\" data-id=\"71db49c\" data-element_type=\"widget\" data-e-type=\"widget\" data-widget_type=\"text-editor.default\">\n\t\t\t\t<div class=\"elementor-widget-container\">\n\t\t\t\t\t\t\t\t\t<p><strong>CHF 59.\u2013 f\u00fcr den Rest der Saison 16<\/strong><\/p><ul><li>CHF 5 Reduktion auf jeden Event<\/li><li>Gratis-Garderobe<\/li><li>Exklusives Ticketkontingent<\/li><li>KUFA-Member-Karte<\/li><\/ul>\t\t\t\t\t\t\t\t<\/div>\n\t\t\t\t<\/div>\n\t\t\t\t<div class=\"elementor-element elementor-element-7e5e68f elementor-widget elementor-widget-text-editor\" data-id=\"7e5e68f\" data-element_type=\"widget\" data-e-type=\"widget\" data-widget_type=\"text-editor.default\">\n\t\t\t\t<div class=\"elementor-widget-container\">\n\t\t\t\t\t\t\t\t\t<p>* Pro Gig werden jeweils bis max. 48h vor T\u00fcr\u00f6ffnung 10% der Tickets exklusiv f\u00fcr Member reserviert.\u00a0Sind diese weg, kann kein Anspruch mehr auf Eintrittsgarantie gemacht werden. Bei Events ohne Vorverkauf werden 10% der Tickets bis 1h nach T\u00fcr\u00f6ffnung f\u00fcr Member reserviert. Achtung: gilt nicht f\u00fcr bestuhlte Events!<\/p>\t\t\t\t\t\t\t\t<\/div>\n\t\t\t\t<\/div>\n\t\t\t\t<\/div>\n\t\t<div class=\"elementor-element elementor-element-95b7a20 e-con-full e-flex e-con e-child\" data-id=\"95b7a20\" data-element_type=\"container\" data-e-type=\"container\">\n\t\t\t\t<div class=\"elementor-element elementor-element-a8570b3 elementor-widget elementor-widget-heading\" data-id=\"a8570b3\" data-element_type=\"widget\" data-e-type=\"widget\" data-widget_type=\"heading.default\">\n\t\t\t\t<div class=\"elementor-widget-container\">\n\t\t\t\t\t<h4 class=\"elementor-heading-title elementor-size-default\">Gold-Member<\/h4>\t\t\t\t<\/div>\n\t\t\t\t<\/div>\n\t\t\t\t<div class=\"elementor-element elementor-element-577b71c elementor-widget elementor-widget-image\" data-id=\"577b71c\" data-element_type=\"widget\" data-e-type=\"widget\" data-widget_type=\"image.default\">\n\t\t\t\t<div class=\"elementor-widget-container\">\n\t\t\t\t\t\t\t\t\t\t\t\t\t\t\t<img fetchpriority=\"high\" decoding=\"async\" width=\"300\" height=\"216\" src=\"https:\/\/www.kufa.ch\/wp-content\/uploads\/2025\/11\/Goldmemberkarte16-300x216.png\" class=\"attachment-medium size-medium wp-image-3169\" alt=\"\" srcset=\"https:\/\/www.kufa.ch\/wp-content\/uploads\/2025\/11\/Goldmemberkarte16-300x216.png 300w, https:\/\/www.kufa.ch\/wp-content\/uploads\/2025\/11\/Goldmemberkarte16-1024x738.png 1024w, https:\/\/www.kufa.ch\/wp-content\/uploads\/2025\/11\/Goldmemberkarte16-768x553.png 768w\" sizes=\"(max-width: 300px) 100vw, 300px\" \/>\t\t\t\t\t\t\t\t\t\t\t\t\t\t\t<\/div>\n\t\t\t\t<\/div>\n\t\t\t\t<div class=\"elementor-element elementor-element-183730a elementor-widget elementor-widget-text-editor\" data-id=\"183730a\" data-element_type=\"widget\" data-e-type=\"widget\" data-widget_type=\"text-editor.default\">\n\t\t\t\t<div class=\"elementor-widget-container\">\n\t\t\t\t\t\t\t\t\t<p><strong>CHF 222.\u2013 f\u00fcr den Rest der Saison 16<\/strong><\/p><ul><li>5&#215;2 Tickets pro Jahr 100% Rabatt auf deinen Eintritt<\/li><li>CHF 5 Reduktion auf jeden Event<\/li><li>Gratis-Garderobe<\/li><li>Exklusives Ticketkontingent<\/li><li>KUFA-Gold-Member-Karte<\/li><\/ul>\t\t\t\t\t\t\t\t<\/div>\n\t\t\t\t<\/div>\n\t\t\t\t<div class=\"elementor-element elementor-element-ddffa93 elementor-widget elementor-widget-text-editor\" data-id=\"ddffa93\" data-element_type=\"widget\" data-e-type=\"widget\" data-widget_type=\"text-editor.default\">\n\t\t\t\t<div class=\"elementor-widget-container\">\n\t\t\t\t\t\t\t\t\t<p>* Pro Gig werden jeweils bis max. 48h vor T\u00fcr\u00f6ffnung 10% der Tickets exklusiv f\u00fcr Member reserviert.\u00a0Sind diese weg, kann kein Anspruch mehr auf Eintrittsgarantie gemacht werden. Bei Events ohne Vorverkauf werden 10% der Tickets bis 1h nach T\u00fcr\u00f6ffnung f\u00fcr Member reserviert. Achtung: gilt nicht f\u00fcr bestuhlte Events!<\/p>\t\t\t\t\t\t\t\t<\/div>\n\t\t\t\t<\/div>\n\t\t\t\t<\/div>\n\t\t\t\t<div class=\"elementor-element elementor-element-06b086e elementor-widget__width-initial elementor-widget elementor-widget-shortcode\" data-id=\"06b086e\" data-element_type=\"widget\" data-e-type=\"widget\" data-widget_type=\"shortcode.default\">\n\t\t\t\t<div class=\"elementor-widget-container\">\n\t\t\t\t\t\t\t<div class=\"elementor-shortcode\"><a title=\"Online-Ticketverkauf\" href=\"https:\/\/www.weezevent.com?c=sys_widget\" class=\"weezevent-widget-integration\" target=\"_blank\" data-src=\"https:\/\/widget.weezevent.com\/ticket\/17118c6d-2026-4b36-81ca-1a345c7157f9?id_evenement=1330963&locale=de-DE&code=32552\" data-width=\"650\" data-height=\"600\" data-resize=\"1\" data-nopb=\"0\" data-type=\"neo\" data-width_auto=\"1\"  data-noscroll=\"0\" data-id=\"1330963\">Weezevent Ticketverkauf<\/a>\n<script type=\"text\/javascript\" src=\"https:\/\/widget.weezevent.com\/weez.js\"  async defer><\/script><\/div>\n\t\t\t\t\t\t<\/div>\n\t\t\t\t<\/div>\n\t\t\t\t\t<\/div>\n\t\t\t\t<\/div>\n\t\t<div class=\"elementor-element elementor-element-16e3d5e e-flex e-con-boxed e-con e-parent\" data-id=\"16e3d5e\" data-element_type=\"container\" data-e-type=\"container\">\n\t\t\t\t\t<div class=\"e-con-inner\">\n\t\t<div class=\"elementor-element elementor-element-bdfbbb4 e-con-full e-flex e-con e-child\" data-id=\"bdfbbb4\" data-element_type=\"container\" data-e-type=\"container\">\n\t\t\t\t<div class=\"elementor-element elementor-element-fb8b6a1 elementor-widget__width-inherit elementor-widget elementor-widget-heading\" data-id=\"fb8b6a1\" data-element_type=\"widget\" data-e-type=\"widget\" id=\"sponsor\" data-widget_type=\"heading.default\">\n\t\t\t\t<div class=\"elementor-widget-container\">\n\t\t\t\t\t<h2 class=\"elementor-heading-title elementor-size-default\">Sponsor:in werden<\/h2>\t\t\t\t<\/div>\n\t\t\t\t<\/div>\n\t\t\t\t<div class=\"elementor-element elementor-element-da46ef5 elementor-widget elementor-widget-text-editor\" data-id=\"da46ef5\" data-element_type=\"widget\" data-e-type=\"widget\" data-widget_type=\"text-editor.default\">\n\t\t\t\t<div class=\"elementor-widget-container\">\n\t\t\t\t\t\t\t\t\t<p class=\"p1\">Die KUFA ist mehr als nur eine Event-Location. Sie ist ein lebendiger Treffpunkt, ein Ort, an dem lokale K\u00fcnstler:innen ihre B\u00fchne finden und Jugendliche gef\u00f6rdert werden. Mit deinem Sponsoring unterst\u00fctzt du aktiv das Kulturschaffen in der Region und tr\u00e4gst dazu bei, dass kreative Projekte und Jugendarbeit nachhaltig wachsen k\u00f6nnen.<\/p><p class=\"p1\">Dein Engagement soll sich lohnen: Als Sponsor:in bieten wir dir vielseitige und attraktive Gegenleistungen \u2013 von wirksamer Werbepr\u00e4senz bis zu exklusiven Einladungen zu unseren Veranstaltungen. Gleichzeitig positionierst du dich in einem innovativen, kulturell gepr\u00e4gten Umfeld und st\u00e4rkst deine Verbindung zur Community.<\/p><p class=\"p1\">Lerne die KUFA und unser Sponsoringkonzept in einem pers\u00f6nlichen Gespr\u00e4ch kennen. Wir zeigen dir gerne, wie dein Beitrag einen echten Unterschied macht. Kontaktiere uns und werde Teil der KUFA-Familie \u2013 wir freuen uns auf dich!<\/p>\t\t\t\t\t\t\t\t<\/div>\n\t\t\t\t<\/div>\n\t\t\t\t<div class=\"elementor-element elementor-element-7dcb6f0 elementor-widget__width-inherit elementor-widget elementor-widget-button\" data-id=\"7dcb6f0\" data-element_type=\"widget\" data-e-type=\"widget\" data-widget_type=\"button.default\">\n\t\t\t\t<div class=\"elementor-widget-container\">\n\t\t\t\t\t\t\t\t\t<div class=\"elementor-button-wrapper\">\n\t\t\t\t\t<a class=\"elementor-button elementor-button-link elementor-size-sm\" href=\"mailto:info@kufa.ch\">\n\t\t\t\t\t\t<span class=\"elementor-button-content-wrapper\">\n\t\t\t\t\t\t\t\t\t<span class=\"elementor-button-text\">Kontakt aufnehmen<\/span>\n\t\t\t\t\t<\/span>\n\t\t\t\t\t<\/a>\n\t\t\t\t<\/div>\n\t\t\t\t\t\t\t\t<\/div>\n\t\t\t\t<\/div>\n\t\t\t\t<\/div>\n\t\t<div class=\"elementor-element elementor-element-bab1d16 e-con-full e-flex e-con e-child\" data-id=\"bab1d16\" data-element_type=\"container\" data-e-type=\"container\" data-settings=\"{&quot;background_background&quot;:&quot;classic&quot;}\">\n\t\t\t\t<\/div>\n\t\t\t\t\t<\/div>\n\t\t\t\t<\/div>\n\t\t\t\t<\/div>\n\t\t","protected":false},"excerpt":{"rendered":"<p>F\u00f6rderband DIe KUFA unterst\u00fctzen Member werden Sponsor:in werden Member werden Als Besitzer:in der KUFA-Memberkarte profitierst du von zahlreichen Vorteilen: kostenlose Garderobe \u2013 nie mehr Kleingeld suchen \u2013 und ein speziell f\u00fcr dich reserviertes Ticketkontingent, damit du auch beim n\u00e4chsten ausverkauften Event ganz vorne mit dabei bist. Zus\u00e4tzlich sparst du bei jedem Event 5 Franken, sodass [&hellip;]<\/p>\n","protected":false},"author":1,"featured_media":1669,"parent":0,"menu_order":6,"comment_status":"closed","ping_status":"closed","template":"elementor_theme","meta":{"footnotes":""},"class_list":["post-329","page","type-page","status-publish","has-post-thumbnail","hentry"],"_links":{"self":[{"href":"https:\/\/www.kufa.ch\/fr\/wp-json\/wp\/v2\/pages\/329","targetHints":{"allow":["GET"]}}],"collection":[{"href":"https:\/\/www.kufa.ch\/fr\/wp-json\/wp\/v2\/pages"}],"about":[{"href":"https:\/\/www.kufa.ch\/fr\/wp-json\/wp\/v2\/types\/page"}],"author":[{"embeddable":true,"href":"https:\/\/www.kufa.ch\/fr\/wp-json\/wp\/v2\/users\/1"}],"replies":[{"embeddable":true,"href":"https:\/\/www.kufa.ch\/fr\/wp-json\/wp\/v2\/comments?post=329"}],"version-history":[{"count":104,"href":"https:\/\/www.kufa.ch\/fr\/wp-json\/wp\/v2\/pages\/329\/revisions"}],"predecessor-version":[{"id":3342,"href":"https:\/\/www.kufa.ch\/fr\/wp-json\/wp\/v2\/pages\/329\/revisions\/3342"}],"wp:featuredmedia":[{"embeddable":true,"href":"https:\/\/www.kufa.ch\/fr\/wp-json\/wp\/v2\/media\/1669"}],"wp:attachment":[{"href":"https:\/\/www.kufa.ch\/fr\/wp-json\/wp\/v2\/media?parent=329"}],"curies":[{"name":"wp","href":"https:\/\/api.w.org\/{rel}","templated":true}]}}